{"id":5085,"date":"2025-05-05T10:57:43","date_gmt":"2025-05-05T10:57:43","guid":{"rendered":"https:\/\/www.fps-automation.com\/?page_id=5085"},"modified":"2025-05-05T10:57:43","modified_gmt":"2025-05-05T10:57:43","slug":"politica-de-cookies","status":"publish","type":"page","link":"https:\/\/www.fps-automation.com\/es\/politica-de-cookies\/","title":{"rendered":"Pol\u00edtica de Cookies"},"content":{"rendered":"<p><!-- Legal document generated by Complianz | GDPR\/CCPA Cookie Consent https:\/\/wordpress.org\/plugins\/complianz-gdpr --><\/p>\n<div id=\"cmplz-document\" class=\"cmplz-document cookie-statement\">\n<p><i>Esta Pol\u00edtica de Cookies fue actualizada por \u00faltima vez el 24.1.2024.<\/i><\/p>\n<h2>1. Introducci\u00f3n<\/h2>\n<p>Nuestro sitio web, <a href=\"https:\/\/www.fps-automation.com\/es\/\">https:\/\/www.fps-automation.com<\/a> (en adelante: \u00abel sitio web\u00bb) utiliza cookies y otras tecnolog\u00edas relacionadas (por conveniencia, todas las tecnolog\u00edas se denominan \u00abcookies\u00bb). Tambi\u00e9n se colocan cookies por parte de terceros que hemos contratado. En el documento siguiente te informamos sobre el uso de cookies en nuestro sitio web. Por favor, lee tambi\u00e9n la <a href=\"https:\/\/www.fps-automation.com\/privacy-policy\/\">Pol\u00edtica de Privacidad<\/a>. Al hacer clic en la p\u00e1gina de productos, tienda o iniciar sesi\u00f3n, acceder\u00e1s al sitio <a href=\"https:\/\/fps-eaot.it\">https:\/\/fps-eaot.it<\/a>, que utiliza cookies diferentes. Por lo tanto, te pedimos que leas tambi\u00e9n la pol\u00edtica correspondiente.<\/p>\n<h2>2. \u00bfQu\u00e9 son las cookies?<\/h2>\n<p>Las cookies son archivos simples que se env\u00edan junto con las p\u00e1ginas de este sitio y que tu navegador guarda en el disco duro de tu ordenador u otros dispositivos. La informaci\u00f3n almacenada en ellas puede ser devuelta a nuestros servidores o a los servidores de terceros en una visita posterior.<\/p>\n<h2>3. \u00bfQu\u00e9 son los scripts?<\/h2>\n<p>Un script es un fragmento de c\u00f3digo utilizado para que nuestro sitio funcione de forma adecuada e interactiva. Este c\u00f3digo se ejecuta en nuestros servidores o en tu dispositivo.<\/p>\n<h2>4. \u00bfQu\u00e9 es una baliza web?<\/h2>\n<p>Una baliza web (o pixel tag) es una peque\u00f1a porci\u00f3n de texto o imagen invisible en un sitio web que se utiliza para monitorear el tr\u00e1fico de un sitio web. Para ello, se almacenan varios datos sobre ti mediante balizas web.<\/p>\n<h2>5. Cookies<\/h2>\n<p class=\"cmplz-subtitle\"><strong>5.1 Cookies t\u00e9cnicas o funcionales<\/strong><\/p>\n<p>Algunas cookies aseguran que el sitio funcione correctamente y que tus preferencias sigan siendo v\u00e1lidas. Al colocar cookies funcionales, hacemos m\u00e1s f\u00e1cil tu visita a nuestro sitio web. De esta manera, no tienes que ingresar repetidamente la misma informaci\u00f3n cuando visitas nuestro sitio, por ejemplo, el art\u00edculo permanece en tu carrito hasta que pagas. Podemos colocar estas cookies sin tu consentimiento.<\/p>\n<p class=\"cmplz-subtitle\"><strong>5.2 Cookies estad\u00edsticas<\/strong><\/p>\n<p>Utilizamos cookies estad\u00edsticas para optimizar la experiencia del sitio web para nuestros usuarios. Con estas cookies estad\u00edsticas obtenemos informaci\u00f3n sobre el uso de nuestro sitio web. Pedimos tu consentimiento para colocar cookies estad\u00edsticas.<\/p>\n<p class=\"cmplz-subtitle\"><strong>5.3 Cookies de marketing\/seguimiento<\/strong><\/p>\n<p>Las cookies de marketing\/seguimiento son cookies u otra forma de almacenamiento local utilizadas para crear perfiles de usuario para mostrar publicidad o rastrear al usuario en este sitio web o en varios sitios web con fines de marketing similares. Pedimos tu consentimiento para colocar cookies de marketing\/seguimiento.<\/p>\n<h2>6. Cookies colocadas<\/h2>\n<\/div>\n<div id=\"cmplz-cookies-overview\"><details class=\"cmplz-dropdown cmplz-service-desc cmplz-dropdown-cookiepolicy \">\n\t<summary class=\"cmplz-service-header\"><div>\n\t\t<h3>Varios<\/h3>\n\t\t<p>Prop\u00f3sito pendiente de investigaci\u00f3n<\/p>\n\t\t<label for=\"cmplz_service_varios\" class=\"cmplz_consent_per_service_label\"><span class=\"screen-reader-text\">Consent to service varios<\/span><\/label>\n\t\t<input type=\"checkbox\" id=\"cmplz_service_varios\" class=\"cmplz-accept-service cmplz-hidden\" data-service=\"varios\" data-category=\"functional\"><\/div>\n\t<\/summary>\n\t<div class=\"cmplz-service-description\">\n\t\t<h4>Uso<\/h4>\n\t\t<p><\/p>\n\t<\/div>\n\t<div class=\"cmplz-sharing-data\">\n\t\t<h4>Compartir datos<\/h4>\n\t\t<p>El intercambio de datos est\u00e1 pendiente de investigaci\u00f3n<\/p>\n\t<\/div>\n\t<div class=\"cookies-per-purpose\">\n    <div class=\"purpose\"><h4>Prop\u00f3sito pendiente de investigaci\u00f3n<\/h4><\/div>\n    <div class=\"name-header\">\n\t<h5>Nombre<\/h5>\n<\/div>\n<div class=\"name\">mailpoet_services_pingbridge_last_success_at<\/div>\n<div class=\"retention-header\">\n\t<h5>Caducidad<\/h5>\n<\/div>\n<div class=\"retention\"><\/div>\n<div class=\"function-header\">\n\t<h5>Funci\u00f3n<\/h5>\n<\/div>\n<div class=\"function\"><\/div>\n<div class=\"name-header\">\n\t<h5>Nombre<\/h5>\n<\/div>\n<div class=\"name\">newsletter_editor.spectrum.palette<\/div>\n<div class=\"retention-header\">\n\t<h5>Caducidad<\/h5>\n<\/div>\n<div class=\"retention\"><\/div>\n<div class=\"function-header\">\n\t<h5>Funci\u00f3n<\/h5>\n<\/div>\n<div class=\"function\"><\/div>\n<div class=\"name-header\">\n\t<h5>Nombre<\/h5>\n<\/div>\n<div class=\"name\">tinymce-custom-colors-forecolor<\/div>\n<div class=\"retention-header\">\n\t<h5>Caducidad<\/h5>\n<\/div>\n<div class=\"retention\"><\/div>\n<div class=\"function-header\">\n\t<h5>Funci\u00f3n<\/h5>\n<\/div>\n<div class=\"function\"><\/div>\n<div class=\"name-header\">\n\t<h5>Nombre<\/h5>\n<\/div>\n<div class=\"name\">__mpq_8cce373b255e5a76fb22d57b85db0c92_pp<\/div>\n<div class=\"retention-header\">\n\t<h5>Caducidad<\/h5>\n<\/div>\n<div class=\"retention\"><\/div>\n<div class=\"function-header\">\n\t<h5>Funci\u00f3n<\/h5>\n<\/div>\n<div class=\"function\"><\/div>\n<div class=\"name-header\">\n\t<h5>Nombre<\/h5>\n<\/div>\n<div class=\"name\">newsletter_editor.preview_type<\/div>\n<div class=\"retention-header\">\n\t<h5>Caducidad<\/h5>\n<\/div>\n<div class=\"retention\"><\/div>\n<div class=\"function-header\">\n\t<h5>Funci\u00f3n<\/h5>\n<\/div>\n<div class=\"function\"><\/div>\n<div class=\"name-header\">\n\t<h5>Nombre<\/h5>\n<\/div>\n<div class=\"name\">mailpoet_sendingqueue_pingcron_last_success_at<\/div>\n<div class=\"retention-header\">\n\t<h5>Caducidad<\/h5>\n<\/div>\n<div class=\"retention\"><\/div>\n<div class=\"function-header\">\n\t<h5>Funci\u00f3n<\/h5>\n<\/div>\n<div class=\"function\"><\/div>\n<div class=\"name-header\">\n\t<h5>Nombre<\/h5>\n<\/div>\n<div class=\"name\">wpml-available-translators-notice-dismissed<\/div>\n<div class=\"retention-header\">\n\t<h5>Caducidad<\/h5>\n<\/div>\n<div class=\"retention\"><\/div>\n<div class=\"function-header\">\n\t<h5>Funci\u00f3n<\/h5>\n<\/div>\n<div class=\"function\"><\/div>\n<div class=\"name-header\">\n\t<h5>Nombre<\/h5>\n<\/div>\n<div class=\"name\">__mpq_8cce373b255e5a76fb22d57b85db0c92_ev<\/div>\n<div class=\"retention-header\">\n\t<h5>Caducidad<\/h5>\n<\/div>\n<div class=\"retention\"><\/div>\n<div class=\"function-header\">\n\t<h5>Funci\u00f3n<\/h5>\n<\/div>\n<div class=\"function\"><\/div>\n<div class=\"name-header\">\n\t<h5>Nombre<\/h5>\n<\/div>\n<div class=\"name\">tinymce-custom-colors-hilitecolor<\/div>\n<div class=\"retention-header\">\n\t<h5>Caducidad<\/h5>\n<\/div>\n<div class=\"retention\"><\/div>\n<div class=\"function-header\">\n\t<h5>Funci\u00f3n<\/h5>\n<\/div>\n<div class=\"function\"><\/div>\n<div class=\"name-header\">\n\t<h5>Nombre<\/h5>\n<\/div>\n<div class=\"name\">wpEmojiSettingsSupports<\/div>\n<div class=\"retention-header\">\n\t<h5>Caducidad<\/h5>\n<\/div>\n<div class=\"retention\"><\/div>\n<div class=\"function-header\">\n\t<h5>Funci\u00f3n<\/h5>\n<\/div>\n<div class=\"function\"><\/div>\n<div class=\"name-header\">\n\t<h5>Nombre<\/h5>\n<\/div>\n<div class=\"name\">_ga<\/div>\n<div class=\"retention-header\">\n\t<h5>Caducidad<\/h5>\n<\/div>\n<div class=\"retention\"><\/div>\n<div class=\"function-header\">\n\t<h5>Funci\u00f3n<\/h5>\n<\/div>\n<div class=\"function\"><\/div>\n<div class=\"name-header\">\n\t<h5>Nombre<\/h5>\n<\/div>\n<div class=\"name\">cmplz_saved_services<\/div>\n<div class=\"retention-header\">\n\t<h5>Caducidad<\/h5>\n<\/div>\n<div class=\"retention\">180 d\u00edas<\/div>\n<div class=\"function-header\">\n\t<h5>Funci\u00f3n<\/h5>\n<\/div>\n<div class=\"function\"><\/div>\n<div class=\"name-header\">\n\t<h5>Nombre<\/h5>\n<\/div>\n<div class=\"name\">cmplz_consented_services<\/div>\n<div class=\"retention-header\">\n\t<h5>Caducidad<\/h5>\n<\/div>\n<div class=\"retention\">180 d\u00edas<\/div>\n<div class=\"function-header\">\n\t<h5>Funci\u00f3n<\/h5>\n<\/div>\n<div class=\"function\"><\/div>\n<div class=\"name-header\">\n\t<h5>Nombre<\/h5>\n<\/div>\n<div class=\"name\">cmplz_policy_id<\/div>\n<div class=\"retention-header\">\n\t<h5>Caducidad<\/h5>\n<\/div>\n<div class=\"retention\">180 d\u00edas<\/div>\n<div class=\"function-header\">\n\t<h5>Funci\u00f3n<\/h5>\n<\/div>\n<div class=\"function\"><\/div>\n<div class=\"name-header\">\n\t<h5>Nombre<\/h5>\n<\/div>\n<div class=\"name\">cmplz_marketing<\/div>\n<div class=\"retention-header\">\n\t<h5>Caducidad<\/h5>\n<\/div>\n<div class=\"retention\">180 d\u00edas<\/div>\n<div class=\"function-header\">\n\t<h5>Funci\u00f3n<\/h5>\n<\/div>\n<div class=\"function\"><\/div>\n<div class=\"name-header\">\n\t<h5>Nombre<\/h5>\n<\/div>\n<div class=\"name\">cmplz_statistics<\/div>\n<div class=\"retention-header\">\n\t<h5>Caducidad<\/h5>\n<\/div>\n<div class=\"retention\">180 d\u00edas<\/div>\n<div class=\"function-header\">\n\t<h5>Funci\u00f3n<\/h5>\n<\/div>\n<div class=\"function\"><\/div>\n<div class=\"name-header\">\n\t<h5>Nombre<\/h5>\n<\/div>\n<div class=\"name\">cmplz_preferences<\/div>\n<div class=\"retention-header\">\n\t<h5>Caducidad<\/h5>\n<\/div>\n<div class=\"retention\">180 d\u00edas<\/div>\n<div class=\"function-header\">\n\t<h5>Funci\u00f3n<\/h5>\n<\/div>\n<div class=\"function\"><\/div>\n<div class=\"name-header\">\n\t<h5>Nombre<\/h5>\n<\/div>\n<div class=\"name\">cmplz_functional<\/div>\n<div class=\"retention-header\">\n\t<h5>Caducidad<\/h5>\n<\/div>\n<div class=\"retention\">180 d\u00edas<\/div>\n<div class=\"function-header\">\n\t<h5>Funci\u00f3n<\/h5>\n<\/div>\n<div class=\"function\"><\/div>\n<div class=\"name-header\">\n\t<h5>Nombre<\/h5>\n<\/div>\n<div class=\"name\">cmplz_banner-status<\/div>\n<div class=\"retention-header\">\n\t<h5>Caducidad<\/h5>\n<\/div>\n<div class=\"retention\">180 d\u00edas<\/div>\n<div class=\"function-header\">\n\t<h5>Funci\u00f3n<\/h5>\n<\/div>\n<div class=\"function\"><\/div>\n<div class=\"name-header\">\n\t<h5>Nombre<\/h5>\n<\/div>\n<div class=\"name\">cmplz_saved_categories<\/div>\n<div class=\"retention-header\">\n\t<h5>Caducidad<\/h5>\n<\/div>\n<div class=\"retention\">180 d\u00edas<\/div>\n<div class=\"function-header\">\n\t<h5>Funci\u00f3n<\/h5>\n<\/div>\n<div class=\"function\"><\/div>\n<div class=\"name-header\">\n\t<h5>Nombre<\/h5>\n<\/div>\n<div class=\"name\">et-pb-recent-items-colors<\/div>\n<div class=\"retention-header\">\n\t<h5>Caducidad<\/h5>\n<\/div>\n<div class=\"retention\"><\/div>\n<div class=\"function-header\">\n\t<h5>Funci\u00f3n<\/h5>\n<\/div>\n<div class=\"function\"><\/div>\n<div class=\"name-header\">\n\t<h5>Nombre<\/h5>\n<\/div>\n<div class=\"name\">wp-settings-time-2<\/div>\n<div class=\"retention-header\">\n\t<h5>Caducidad<\/h5>\n<\/div>\n<div class=\"retention\"><\/div>\n<div class=\"function-header\">\n\t<h5>Funci\u00f3n<\/h5>\n<\/div>\n<div class=\"function\"><\/div>\n<div class=\"name-header\">\n\t<h5>Nombre<\/h5>\n<\/div>\n<div class=\"name\">wp-settings-2<\/div>\n<div class=\"retention-header\">\n\t<h5>Caducidad<\/h5>\n<\/div>\n<div class=\"retention\"><\/div>\n<div class=\"function-header\">\n\t<h5>Funci\u00f3n<\/h5>\n<\/div>\n<div class=\"function\"><\/div>\n<div class=\"name-header\">\n\t<h5>Nombre<\/h5>\n<\/div>\n<div class=\"name\">_ga_B5VZ8Y8TGS<\/div>\n<div class=\"retention-header\">\n\t<h5>Caducidad<\/h5>\n<\/div>\n<div class=\"retention\"><\/div>\n<div class=\"function-header\">\n\t<h5>Funci\u00f3n<\/h5>\n<\/div>\n<div class=\"function\"><\/div>\n<div class=\"name-header\">\n\t<h5>Nombre<\/h5>\n<\/div>\n<div class=\"name\">wp-wpml_current_admin_language_d41d8cd98f00b204e9800998ecf8427e<\/div>\n<div class=\"retention-header\">\n\t<h5>Caducidad<\/h5>\n<\/div>\n<div class=\"retention\"><\/div>\n<div class=\"function-header\">\n\t<h5>Funci\u00f3n<\/h5>\n<\/div>\n<div class=\"function\"><\/div>\n<div class=\"name-header\">\n\t<h5>Nombre<\/h5>\n<\/div>\n<div class=\"name\">wp-wpml_current_language<\/div>\n<div class=\"retention-header\">\n\t<h5>Caducidad<\/h5>\n<\/div>\n<div class=\"retention\"><\/div>\n<div class=\"function-header\">\n\t<h5>Funci\u00f3n<\/h5>\n<\/div>\n<div class=\"function\"><\/div>\n<div class=\"name-header\">\n\t<h5>Nombre<\/h5>\n<\/div>\n<div class=\"name\">wordpress_test_cookie<\/div>\n<div class=\"retention-header\">\n\t<h5>Caducidad<\/h5>\n<\/div>\n<div class=\"retention\"><\/div>\n<div class=\"function-header\">\n\t<h5>Funci\u00f3n<\/h5>\n<\/div>\n<div class=\"function\"><\/div>\n<div class=\"name-header\">\n\t<h5>Nombre<\/h5>\n<\/div>\n<div class=\"name\">wordpress_logged_in_a5dc3923bf0ce1077f602ea2cbb2447d<\/div>\n<div class=\"retention-header\">\n\t<h5>Caducidad<\/h5>\n<\/div>\n<div class=\"retention\"><\/div>\n<div class=\"function-header\">\n\t<h5>Funci\u00f3n<\/h5>\n<\/div>\n<div class=\"function\"><\/div>\n<div class=\"name-header\">\n\t<h5>Nombre<\/h5>\n<\/div>\n<div class=\"name\">wfwaf-authcookie-f1c76eb872b90643d4b5c4bc01882cd7<\/div>\n<div class=\"retention-header\">\n\t<h5>Caducidad<\/h5>\n<\/div>\n<div class=\"retention\"><\/div>\n<div class=\"function-header\">\n\t<h5>Funci\u00f3n<\/h5>\n<\/div>\n<div class=\"function\"><\/div>\n<div class=\"name-header\">\n\t<h5>Nombre<\/h5>\n<\/div>\n<div class=\"name\">cmplz_id<\/div>\n<div class=\"retention-header\">\n\t<h5>Caducidad<\/h5>\n<\/div>\n<div class=\"retention\">180 d\u00edas<\/div>\n<div class=\"function-header\">\n\t<h5>Funci\u00f3n<\/h5>\n<\/div>\n<div class=\"function\"><\/div>\n<div class=\"name-header\">\n\t<h5>Nombre<\/h5>\n<\/div>\n<div class=\"name\">wp_lang<\/div>\n<div class=\"retention-header\">\n\t<h5>Caducidad<\/h5>\n<\/div>\n<div class=\"retention\"><\/div>\n<div class=\"function-header\">\n\t<h5>Funci\u00f3n<\/h5>\n<\/div>\n<div class=\"function\"><\/div>\n<div class=\"name-header\">\n\t<h5>Nombre<\/h5>\n<\/div>\n<div class=\"name\">gbFeaturesCache<\/div>\n<div class=\"retention-header\">\n\t<h5>Caducidad<\/h5>\n<\/div>\n<div class=\"retention\"><\/div>\n<div class=\"function-header\">\n\t<h5>Funci\u00f3n<\/h5>\n<\/div>\n<div class=\"function\"><\/div>\n<div class=\"name-header\">\n\t<h5>Nombre<\/h5>\n<\/div>\n<div class=\"name\">adobeCleanFontAdded<\/div>\n<div class=\"retention-header\">\n\t<h5>Caducidad<\/h5>\n<\/div>\n<div class=\"retention\"><\/div>\n<div class=\"function-header\">\n\t<h5>Funci\u00f3n<\/h5>\n<\/div>\n<div class=\"function\"><\/div>\n\n<\/div>\n<\/details>\n<\/div>\n<p>&nbsp;<\/p>\n<div id=\"cmplz-document\" class=\"cmplz-document cookie-statement\">\n<h2>7. Consentimiento<\/h2>\n<p>Cuando visitas el sitio web por primera vez, te mostramos una ventana emergente con una explicaci\u00f3n sobre las cookies. Tan pronto como haces clic en \u201cGuardar preferencias\u201d, nos das permiso para usar las categor\u00edas de cookies y plugins descritas en esta pol\u00edtica de cookies. Puedes desactivar las cookies a trav\u00e9s de tu navegador, pero ten en cuenta que nuestro sitio web podr\u00eda no funcionar correctamente.<\/p>\n<p>&nbsp;<\/p>\n<h2>8. Tus derechos con respecto a los datos personales<\/h2>\n<p>Tienes los siguientes derechos con respecto a tus datos personales:<\/p>\n<ul>\n<li>Tienes derecho a saber cu\u00e1ndo se necesitan tus datos personales, qu\u00e9 sucede con ellos y durante cu\u00e1nto tiempo se conservar\u00e1n.<\/li>\n<li>Derecho de acceso: tienes derecho a acceder a tus datos personales que tenemos en nuestro poder.<\/li>\n<li>Derecho de rectificaci\u00f3n: tienes derecho a completar, corregir, eliminar o bloquear tus datos personales cuando lo desees.<\/li>\n<li>Derecho a la limitaci\u00f3n del tratamiento: tienes derecho a restringir el tratamiento de tus datos personales.<\/li>\n<li>Si nos das tu consentimiento para procesar tus datos, tienes derecho a retirarlo y a eliminar tus datos personales.<\/li>\n<li>Derecho a la portabilidad de los datos: tienes derecho a solicitar todos tus datos al responsable y transferirlos a otro responsable.<\/li>\n<li>Derecho de oposici\u00f3n: tienes derecho a oponerte al tratamiento de tus datos. Respetaremos esta elecci\u00f3n, a menos que existan motivos justificados para continuar el tratamiento.<\/li>\n<li>Derecho a presentar una reclamaci\u00f3n ante la Autoridad de Control (Agencia de Protecci\u00f3n de Datos) si consideras que tus derechos no han sido respetados.<\/li>\n<\/ul>\n<p>Para ejercer estos derechos, no dudes en ponerte en contacto con nosotros. Consulta los datos de contacto al final de esta Pol\u00edtica de Cookies. Si tienes una queja sobre c\u00f3mo manejamos tus datos, nos gustar\u00eda saberlo, pero tambi\u00e9n tienes derecho a presentar una queja ante la autoridad supervisora (la Agencia de Protecci\u00f3n de Datos).<\/p>\n<h2>9. Activar\/desactivar y eliminar cookies<\/h2>\n<p>Puedes usar tu navegador para eliminar cookies autom\u00e1ticamente o manualmente. Tambi\u00e9n puedes especificar que ciertas cookies no se coloquen. Otra opci\u00f3n es modificar la configuraci\u00f3n de tu navegador de Internet para recibir un mensaje cada vez que se coloque una cookie. Para obtener m\u00e1s informaci\u00f3n sobre estas opciones, consulta las instrucciones en la secci\u00f3n de Ayuda de tu navegador.<\/p>\n<p>Ten en cuenta que nuestro sitio web puede no funcionar correctamente si se desactivan todas las cookies. Si eliminas las cookies de tu navegador, se volver\u00e1n a colocar despu\u00e9s de tu consentimiento cuando visites nuevamente nuestro sitio.<\/p>\n<h2>10. Datos de contacto<\/h2>\n<p>Para preguntas y\/o comentarios sobre la Pol\u00edtica de Cookies y esta declaraci\u00f3n, por favor cont\u00e1ctanos usando los siguientes datos:<\/p>\n<p>FP Services<br \/>\nVia Morandi 172, 40060 Toscanella di Dozza (BO)<br \/>\nItalia<br \/>\nSitio web: <a href=\"https:\/\/www.fps-automation.com\/es\/\">https:\/\/www.fps-automation.com<\/a><br \/>\nEmail: sales@fps-automation.com<br \/>\nTel\u00e9fono: (+39) 0542 674298<\/p>\n<\/div>\n","protected":false},"excerpt":{"rendered":"<p>Esta Pol\u00edtica de Cookies fue actualizada por \u00faltima vez el 24.1.2024. 1. Introducci\u00f3n Nuestro sitio web, https:\/\/www.fps-automation.com (en adelante: \u00abel sitio web\u00bb) utiliza cookies y otras tecnolog\u00edas relacionadas (por conveniencia, todas las tecnolog\u00edas se denominan \u00abcookies\u00bb). Tambi\u00e9n se colocan cookies por parte de terceros que hemos contratado. En el documento siguiente te informamos sobre el [&hellip;]<\/p>\n","protected":false},"author":2,"featured_media":0,"parent":0,"menu_order":3,"comment_status":"closed","ping_status":"closed","template":"","meta":{"_et_pb_use_builder":"","_et_pb_old_content":"","_et_gb_content_width":"","footnotes":""},"class_list":["post-5085","page","type-page","status-publish","hentry"],"yoast_head":"<!-- This site is optimized with the Yoast SEO plugin v25.0 - https:\/\/yoast.com\/wordpress\/plugins\/seo\/ -->\n<title>Pol\u00edtica de Cookies - FPS Automation<\/title>\n<meta name=\"robots\" content=\"index, follow, max-snippet:-1, max-image-preview:large, max-video-preview:-1\" \/>\n<link rel=\"canonical\" href=\"https:\/\/www.fps-automation.com\/es\/politica-de-cookies\/\" \/>\n<meta property=\"og:locale\" content=\"es_ES\" \/>\n<meta property=\"og:type\" content=\"article\" \/>\n<meta property=\"og:title\" content=\"Pol\u00edtica de Cookies - FPS Automation\" \/>\n<meta property=\"og:description\" content=\"Esta Pol\u00edtica de Cookies fue actualizada por \u00faltima vez el 24.1.2024. 1. Introducci\u00f3n Nuestro sitio web, https:\/\/www.fps-automation.com (en adelante: \u00abel sitio web\u00bb) utiliza cookies y otras tecnolog\u00edas relacionadas (por conveniencia, todas las tecnolog\u00edas se denominan \u00abcookies\u00bb). Tambi\u00e9n se colocan cookies por parte de terceros que hemos contratado. En el documento siguiente te informamos sobre el [&hellip;]\" \/>\n<meta property=\"og:url\" content=\"https:\/\/www.fps-automation.com\/es\/politica-de-cookies\/\" \/>\n<meta property=\"og:site_name\" content=\"FPS Automation\" \/>\n<meta name=\"twitter:card\" content=\"summary_large_image\" \/>\n<meta name=\"twitter:label1\" content=\"Tiempo de lectura\" \/>\n\t<meta name=\"twitter:data1\" content=\"5 minutos\" \/>\n<script type=\"application\/ld+json\" class=\"yoast-schema-graph\">{\"@context\":\"https:\/\/schema.org\",\"@graph\":[{\"@type\":\"WebPage\",\"@id\":\"https:\/\/www.fps-automation.com\/es\/politica-de-cookies\/\",\"url\":\"https:\/\/www.fps-automation.com\/es\/politica-de-cookies\/\",\"name\":\"Pol\u00edtica de Cookies - FPS Automation\",\"isPartOf\":{\"@id\":\"https:\/\/www.fps-automation.com\/#website\"},\"datePublished\":\"2025-05-05T10:57:43+00:00\",\"breadcrumb\":{\"@id\":\"https:\/\/www.fps-automation.com\/es\/politica-de-cookies\/#breadcrumb\"},\"inLanguage\":\"es\",\"potentialAction\":[{\"@type\":\"ReadAction\",\"target\":[\"https:\/\/www.fps-automation.com\/es\/politica-de-cookies\/\"]}]},{\"@type\":\"BreadcrumbList\",\"@id\":\"https:\/\/www.fps-automation.com\/es\/politica-de-cookies\/#breadcrumb\",\"itemListElement\":[{\"@type\":\"ListItem\",\"position\":1,\"name\":\"Home\",\"item\":\"https:\/\/www.fps-automation.com\/es\/\"},{\"@type\":\"ListItem\",\"position\":2,\"name\":\"Pol\u00edtica de Cookies\"}]},{\"@type\":\"WebSite\",\"@id\":\"https:\/\/www.fps-automation.com\/#website\",\"url\":\"https:\/\/www.fps-automation.com\/\",\"name\":\"FPS Automation\",\"description\":\"End of arm tooling and Customized solution\",\"potentialAction\":[{\"@type\":\"SearchAction\",\"target\":{\"@type\":\"EntryPoint\",\"urlTemplate\":\"https:\/\/www.fps-automation.com\/?s={search_term_string}\"},\"query-input\":{\"@type\":\"PropertyValueSpecification\",\"valueRequired\":true,\"valueName\":\"search_term_string\"}}],\"inLanguage\":\"es\"}]}<\/script>\n<!-- \/ Yoast SEO plugin. -->","yoast_head_json":{"title":"Pol\u00edtica de Cookies - FPS Automation","robots":{"index":"index","follow":"follow","max-snippet":"max-snippet:-1","max-image-preview":"max-image-preview:large","max-video-preview":"max-video-preview:-1"},"canonical":"https:\/\/www.fps-automation.com\/es\/politica-de-cookies\/","og_locale":"es_ES","og_type":"article","og_title":"Pol\u00edtica de Cookies - FPS Automation","og_description":"Esta Pol\u00edtica de Cookies fue actualizada por \u00faltima vez el 24.1.2024. 1. Introducci\u00f3n Nuestro sitio web, https:\/\/www.fps-automation.com (en adelante: \u00abel sitio web\u00bb) utiliza cookies y otras tecnolog\u00edas relacionadas (por conveniencia, todas las tecnolog\u00edas se denominan \u00abcookies\u00bb). Tambi\u00e9n se colocan cookies por parte de terceros que hemos contratado. En el documento siguiente te informamos sobre el [&hellip;]","og_url":"https:\/\/www.fps-automation.com\/es\/politica-de-cookies\/","og_site_name":"FPS Automation","twitter_card":"summary_large_image","twitter_misc":{"Tiempo de lectura":"5 minutos"},"schema":{"@context":"https:\/\/schema.org","@graph":[{"@type":"WebPage","@id":"https:\/\/www.fps-automation.com\/es\/politica-de-cookies\/","url":"https:\/\/www.fps-automation.com\/es\/politica-de-cookies\/","name":"Pol\u00edtica de Cookies - FPS Automation","isPartOf":{"@id":"https:\/\/www.fps-automation.com\/#website"},"datePublished":"2025-05-05T10:57:43+00:00","breadcrumb":{"@id":"https:\/\/www.fps-automation.com\/es\/politica-de-cookies\/#breadcrumb"},"inLanguage":"es","potentialAction":[{"@type":"ReadAction","target":["https:\/\/www.fps-automation.com\/es\/politica-de-cookies\/"]}]},{"@type":"BreadcrumbList","@id":"https:\/\/www.fps-automation.com\/es\/politica-de-cookies\/#breadcrumb","itemListElement":[{"@type":"ListItem","position":1,"name":"Home","item":"https:\/\/www.fps-automation.com\/es\/"},{"@type":"ListItem","position":2,"name":"Pol\u00edtica de Cookies"}]},{"@type":"WebSite","@id":"https:\/\/www.fps-automation.com\/#website","url":"https:\/\/www.fps-automation.com\/","name":"FPS Automation","description":"End of arm tooling and Customized solution","potentialAction":[{"@type":"SearchAction","target":{"@type":"EntryPoint","urlTemplate":"https:\/\/www.fps-automation.com\/?s={search_term_string}"},"query-input":{"@type":"PropertyValueSpecification","valueRequired":true,"valueName":"search_term_string"}}],"inLanguage":"es"}]}},"_links":{"self":[{"href":"https:\/\/www.fps-automation.com\/es\/wp-json\/wp\/v2\/pages\/5085","targetHints":{"allow":["GET"]}}],"collection":[{"href":"https:\/\/www.fps-automation.com\/es\/wp-json\/wp\/v2\/pages"}],"about":[{"href":"https:\/\/www.fps-automation.com\/es\/wp-json\/wp\/v2\/types\/page"}],"author":[{"embeddable":true,"href":"https:\/\/www.fps-automation.com\/es\/wp-json\/wp\/v2\/users\/2"}],"replies":[{"embeddable":true,"href":"https:\/\/www.fps-automation.com\/es\/wp-json\/wp\/v2\/comments?post=5085"}],"version-history":[{"count":1,"href":"https:\/\/www.fps-automation.com\/es\/wp-json\/wp\/v2\/pages\/5085\/revisions"}],"predecessor-version":[{"id":5086,"href":"https:\/\/www.fps-automation.com\/es\/wp-json\/wp\/v2\/pages\/5085\/revisions\/5086"}],"wp:attachment":[{"href":"https:\/\/www.fps-automation.com\/es\/wp-json\/wp\/v2\/media?parent=5085"}],"curies":[{"name":"wp","href":"https:\/\/api.w.org\/{rel}","templated":true}]}}